{"id":2327,"date":"2015-12-03T22:48:44","date_gmt":"2015-12-03T21:48:44","guid":{"rendered":"http:\/\/www.fancyplants.de\/de\/?page_id=2327"},"modified":"2019-11-17T16:08:38","modified_gmt":"2019-11-17T15:08:38","slug":"weidenpavillon","status":"publish","type":"page","link":"http:\/\/www.fancyplants.de\/de\/gardenhome\/sonstiges\/weidenpavillon\/","title":{"rendered":"Weidenpavillon"},"content":{"rendered":"<div class=\"fusion-fullwidth fullwidth-box fusion-builder-row-1 hundred-percent-fullwidth non-hundred-percent-height-scrolling\" style=\"--awb-border-radius-top-left:0px;--awb-border-radius-top-right:0px;--awb-border-radius-bottom-right:0px;--awb-border-radius-bottom-left:0px;--awb-overflow:visible;--awb-flex-wrap:wrap;\" ><div class=\"fusion-builder-row fusion-row\"><div class=\"fusion-layout-column fusion_builder_column fusion-builder-column-0 fusion_builder_column_1_1 1_1 fusion-one-full fusion-column-first fusion-column-last\" style=\"--awb-bg-size:cover;\"><div class=\"fusion-column-wrapper fusion-flex-column-wrapper-legacy\"><div class=\"fusion-title title fusion-title-1 fusion-title-text fusion-title-size-one\"><h1 class=\"fusion-title-heading title-heading-left\" style=\"margin:0;\">Weidenpavillon<\/h1><span class=\"awb-title-spacer\"><\/span><div class=\"title-sep-container\"><div class=\"title-sep sep-single sep-solid\" style=\"border-color:#3e3e3e;\"><\/div><\/div><\/div><div class=\"fusion-title title fusion-title-2 fusion-title-text fusion-title-size-two\"><h2 class=\"fusion-title-heading title-heading-left\" style=\"margin:0;\">Im \u00dcberblick<\/h2><span class=\"awb-title-spacer\"><\/span><div class=\"title-sep-container\"><div class=\"title-sep sep-single sep-solid\" style=\"border-color:#3e3e3e;\"><\/div><\/div><\/div><div class=\"fusion-text fusion-text-1\"><div class=\"intextl\"><a class=\"lupe200\" title=\"Grundger\u00fcst aus den sechs Pfosten, ...\" href=\"..\/..\/..\/..\/..\/images\/pavillon\/pavillon1.jpg\" data-gallery=\"\"><img decoding=\"async\" src=\"..\/..\/..\/..\/..\/images\/pavillon\/pavillon1s.jpg\" alt=\"Grundger\u00fcst aus den sechs Pfosten, ...\" width=\"200\" height=\"200\" \/><span><\/span><\/a><\/div>\n<div class=\"intextr\"><a class=\"lupe200\" title=\"... zudem wurden die ersten Weidenpfosten mit einem Bogen verbunden.\" href=\"..\/..\/..\/..\/..\/images\/pavillon\/pavillon2.jpg\" data-gallery=\"\"><img decoding=\"async\" src=\"..\/..\/..\/..\/..\/images\/pavillon\/pavillon2s.jpg\" alt=\"... zudem wurden die ersten Weidenpfosten mit einem Bogen verbunden.\" width=\"200\" height=\"200\" \/><span><\/span><\/a><\/div>\n<p>Lebende Bauwerke aus Weiden erfreuen sich zunehmender Beliebtheit. Ein Grund hierf\u00fcr ist, dass der Phantasie und gestalterischen Freiheit kaum Grenzen gesetzt sind. Die Einsatzm\u00f6glichkeiten von Weiden als Baumaterial reichen von sehr kleinen Bauwerken wie &#8218;lebende&#8216; Z\u00e4une, Labyrinthe und Lauben bis zu sehr gro\u00dfen und komplexen Bauwerken wie die <a href=\"https:\/\/pappenheim.de\/tourismus\/stadt-pappenheim\/sehenswuerdigkeiten\/1-weidenkirche-bayerns\/\" target=\"_blank\" rel=\"noopener noreferrer\"><i class=\"fa fa-sign-out\"><\/i> &#8218;Weidenkirche Pappenheim&#8216;<\/a> oder der <a href=\"https:\/\/auerworld-festival.de\/weidenpalast\/\" target=\"_blank\" rel=\"noopener noreferrer\"><i class=\"fa fa-sign-out\"><\/i> &#8218;Weidenpalast Auerworld&#8216;<\/a>. Daneben ist die technische Umsetzung nicht besonders schwer.<\/p>\n<p>Inspiriert durch den Weidenpalast Auerworld kam ich auf die Idee, auch in meinem Garten ein kleines lebendes Bauwerk zu errichten. Dabei sollte das Bauwerk auch einen gewissen Nutzwert aufweisen, so dass wir uns f\u00fcr den Bau eines schattenspenden Weidenpavillons entschieden haben.<\/p>\n<\/div><div class=\"fusion-title title fusion-title-3 fusion-title-text fusion-title-size-two\"><h2 class=\"fusion-title-heading title-heading-left\" style=\"margin:0;\">Projekt<\/h2><span class=\"awb-title-spacer\"><\/span><div class=\"title-sep-container\"><div class=\"title-sep sep-single sep-solid\" style=\"border-color:#3e3e3e;\"><\/div><\/div><\/div><div class=\"fusion-title title fusion-title-4 fusion-title-text fusion-title-size-three\"><h3 class=\"fusion-title-heading title-heading-left\" style=\"margin:0;\">Anleitung zum Bau eines Weidenbauwerks<\/h3><span class=\"awb-title-spacer\"><\/span><div class=\"title-sep-container\"><div class=\"title-sep sep-single sep-solid\" style=\"border-color:#3e3e3e;\"><\/div><\/div><\/div><div class=\"fusion-text fusion-text-2\"><div class=\"intextl\"><a class=\"lupe200\" title=\"Der Holzpfosten in der Mitte dient der Stabilisierung der Dachkonstruktion und wird in einigen Jahren wieder entfernt.\" href=\"..\/..\/..\/..\/..\/images\/pavillon\/pavillon3.jpg\" data-gallery=\"\"><img decoding=\"async\" src=\"..\/..\/..\/..\/..\/images\/pavillon\/pavillon3s.jpg\" alt=\"Der Holzpfosten in der Mitte dient der Stabilisierung der Dachkonstruktion und wird in einigen Jahren wieder entfernt.\" width=\"200\" height=\"200\" \/><span><\/span><\/a><\/div>\n<p>Weidenstecklinge lassen sich relativ einfach bewurzeln. F\u00fcr den Bau werden im zeitigen Fr\u00fchjahr &#8211; noch bevor die Weiden beginnen auszutreiben &#8211; ca. 2 m lange Weidenruten geschnitten und anschlie\u00dfend etwa 30 cm tief in die Erde gesteckt. Schlie\u00dflich wird aus den Ruten das Bauwerk geformt, indem die Weidenruten entsprechend zusammengebunden oder ineinander verflochten werden.<\/p>\n<div class=\"intextr\"><a class=\"lupe200\" title=\"Entlang der zuvor gespannten Hilfsschn\u00fcre wurden weitere Weidenruten angebunden und somit das Dach erstellt.\" href=\"..\/..\/..\/..\/..\/images\/pavillon\/pavillon4.jpg\" data-gallery=\"\"><img decoding=\"async\" src=\"..\/..\/..\/..\/..\/images\/pavillon\/pavillon4s.jpg\" alt=\"Entlang der zuvor gespannten Hilfsschn\u00fcre wurden weitere Weidenruten angebunden und somit das Dach erstellt.\" width=\"200\" height=\"200\" \/><span><\/span><\/a><\/div>\n<p>In Abh\u00e4ngigkeit der Komplexit\u00e4t des Bauwerks und der zu erwartenden Stabilit\u00e4t werden zus\u00e4tzlich St\u00fctzbalken und Halteseile verarbeitet. Sobald das Bauwerk eine ausreichende Eigenstabilit\u00e4t erlangt hat, k\u00f6nnen diese wieder entfernt werden.<\/p>\n<p>Nun ist ein wenig Geduld gefragt. Es ist wichtig, die Stecklinge regelm\u00e4\u00dfig zu bew\u00e4ssern. Innerhalb weniger Wochen bilden die Stecklinge Wurzeln und beginnen mit dem Blattaustrieb. Bei optimalen Bedingungen haben die Neuaustriebe im Sp\u00e4tsommer eine L\u00e4nge von \u00fcber 50 cm erreicht und k\u00f6nnen bei Bedarf mit eingeflochten oder zusammengebunden werden. St\u00f6rende Zweige k\u00f6nnen problemlos entfernt werden.<\/p>\n<p>Im Herbst werden schlie\u00dflich abgestorbene Ruten entfernt und die Stabilit\u00e4t des Bauwerks \u00fcberpr\u00fcft. Diese l\u00e4sst sich bei Bedarf durch das Einbringen von Querverstrebungen oder Halteseilen verbessern.<\/p>\n<\/div><div class=\"fusion-title title fusion-title-5 fusion-title-text fusion-title-size-three\"><h3 class=\"fusion-title-heading title-heading-left\" style=\"margin:0;\">Konstruktion unseres Weidenpavillons<\/h3><span class=\"awb-title-spacer\"><\/span><div class=\"title-sep-container\"><div class=\"title-sep sep-single sep-solid\" style=\"border-color:#3e3e3e;\"><\/div><\/div><\/div><div class=\"fusion-text fusion-text-3\"><div class=\"intextr\"><a class=\"lupe200\" title=\"Dachspitze des Pavillons.\" href=\"..\/..\/..\/..\/..\/images\/pavillon\/pavillon5.jpg\" data-gallery=\"\"><img decoding=\"async\" src=\"..\/..\/..\/..\/..\/images\/pavillon\/pavillon5s.jpg\" alt=\"Dachspitze des Pavillons.\" width=\"200\" height=\"200\" \/><span><\/span><\/a><\/div>\n<p>Als Grundriss haben wir ein gleichseitiges Sechseck mit einer Kantenl\u00e4nge von 2 m gew\u00e4hlt. Rechnerisch ergibt sich somit eine Grundfl\u00e4che von knapp 7 m\u00b2. Entsprechend haben wir zun\u00e4chst den Mittelpunkt festgelegt und einen Kreis mit einem Radius von 2 m um diesen gezogen. Auf diesem Kreis wurden dann die sechs Ecken markiert. In jede Ecke setzten wir anschlie\u00dfend einen Standpfosten von etwa 1,80 m H\u00f6he bestehend aus mehreren Weidenruten. Die Standposten haben wir anschlie\u00dfend durch einen Halbbogen mit den zwei jeweils benachbarten Standpfosten verbunden.<\/p>\n<div class=\"intextl\"><a class=\"lupe200\" title=\"Das Dach von unten.\" href=\"..\/..\/..\/..\/..\/images\/pavillon\/pavillon6.jpg\" data-gallery=\"\"><img decoding=\"async\" src=\"..\/..\/..\/..\/..\/images\/pavillon\/pavillon6s.jpg\" alt=\"Das Dach von unten.\" width=\"200\" height=\"200\" \/><span><\/span><\/a><\/div>\n<p>Um die Dachkonstruktion die n\u00e4chsten Jahre zu stabilisieren, haben wir als n\u00e4chstes in den Mittelpunkt des Sechsecks einen St\u00fctzpfosten gesetzt, der im Verlauf wieder entfernt werden soll.<\/p>\n<p>Ausgehend von den Standposten l\u00e4uft nun je eine leicht s-f\u00f6rmig gebogene Dachstrebe zum St\u00fctzpfosten in der Mitte und liegt auf diesem auf. Die Dachstreben sind wiederum mit einer Querstreben mit den zwei jeweils benachbarten Dachstreben verbunden.<\/p>\n<p>Nachdem der Dachstuhl komplett bewachsen ist, sollen seitlich austreibende \u00c4ste mit den \u00c4sten der benachbarten Dachstrebe gitterf\u00f6rmig miteinander verwoben werden und somit die Dachfl\u00e4che f\u00fcr eine diffuse Beschattung ausbilden.<\/p>\n<p>Aufgrund der sch\u00f6nen gelben Rinde von jungen \u00c4sten haben wir uns f\u00fcr Ruten der Dotterweide (<i>Salix alba var. vitellina<\/i>) aus Baumaterial entschieden.<\/p>\n<\/div><div class=\"fusion-title title fusion-title-6 fusion-title-text fusion-title-size-two\"><h2 class=\"fusion-title-heading title-heading-left\" style=\"margin:0;\">Entwicklung<\/h2><span class=\"awb-title-spacer\"><\/span><div class=\"title-sep-container\"><div class=\"title-sep sep-single sep-solid\" style=\"border-color:#3e3e3e;\"><\/div><\/div><\/div><div class=\"fusion-title title fusion-title-7 fusion-title-text fusion-title-size-three\"><h3 class=\"fusion-title-heading title-heading-left\" style=\"margin:0;\">2015 &#8211; 2019<\/h3><span class=\"awb-title-spacer\"><\/span><div class=\"title-sep-container\"><div class=\"title-sep sep-single sep-solid\" style=\"border-color:#3e3e3e;\"><\/div><\/div><\/div><div class=\"fusion-text fusion-text-4\"><div class=\"intextr\"><a class=\"lupe200\" title=\"Aus Gr\u00fcnden der Stabilit\u00e4t gehen von der Strebe vom tragenden Pfosten zur Dachspitze Verbindungssstreben zu den beiden benachbarten Dachstreben ab.\" href=\"..\/..\/..\/..\/..\/images\/pavillon\/pavillon7.jpg\" data-gallery=\"\"><img decoding=\"async\" src=\"..\/..\/..\/..\/..\/images\/pavillon\/pavillon7s.jpg\" alt=\"Aus Gr\u00fcnden der Stabilit\u00e4t gehen von der Strebe vom tragenden Pfosten zur Dachspitze Verbindungssstreben zu den beiden benachbarten Dachstreben ab.\" width=\"200\" height=\"200\" \/><span><\/span><\/a><\/div>\n<p>Aufgrund der Wahl von Dotterweideruten war es schwierig ausreichend Baumaterial zu beschaffen. Daher mussten wir teilweise recht d\u00fcnne Ruten f\u00fcr die Standpfosten verwenden. Zudem war es uns nicht m\u00f6glich, Ruten von einer L\u00e4nge \u00fcber 2 m zu beschaffen. Die Dachkonstruktion haben wir teilweise aus anderen Geh\u00f6lzen errichtet.<\/p>\n<div class=\"intextl\"><a class=\"lupe200\" title=\"Der Pavillion im Fr\u00fchjahr 2017.\" href=\"..\/..\/..\/..\/..\/images\/pavillon\/pavillon2017.jpg\" data-gallery=\"\"><img decoding=\"async\" src=\"..\/..\/..\/..\/..\/images\/pavillon\/pavillon2017s.jpg\" alt=\"Der Pavillion im Fr\u00fchjahr 2017.\" width=\"200\" height=\"200\" \/><span><\/span><\/a><\/div>\n<p>Sp\u00e4ter stellten sich die Improvisationen aufgrund Materialmangels als Fehler heraus. Zuverl\u00e4ssig angewurzelt sind trotz reichlicher W\u00e4sserung im ersten Jahr nur Ruten von mindestens 1 \u2013 1,5 cm Durchmesser.<\/p>\n<p>Die folgenden Jahre waren relativ warm und trocken, so dass einige d\u00fcnnere, jedoch bereits bewurzelte Stecklinge eingegangen sind. Entsprechend mussten 2017 drei Standposten neu gesetzt werden. Die Weidenruten der anderen drei Pfosten zeigten ab 2017 hingegen ein gutes Wachstum, so dass die Querb\u00f6gen und die Dachstreben zunehmend mit Neutrieben begr\u00fcnt werden konnten. Aufgrund des relativ z\u00f6gerlichen Anwachsens der Ruten in den ersten Jahren trocknete der Dachstuhl aber aus und wurde morsch, so dass wir diesen mehrmals verst\u00e4rken mussten.<\/p>\n<p>Sollten wir nochmals ein Weidenbauwerk errichten, so werden wir k\u00fcnftig folgende Punkte verst\u00e4rkt beachten:<\/p>\n<ul>\n<li><strong>Je dicker, desto besser.<\/strong> Geeignete Weidenruten sollten mindestens 2 cm im Durchmesser haben.<\/li>\n<li><strong>Zweizeitiges Vorgehen.<\/strong> Sollten die Ruten keine ausreichende L\u00e4nge vom Boden bis in die Dachkonstruktion aufweisen, so empfiehlt sich der Verzicht auf ein &#8218;Hilfskonstrukt&#8216; bestehend aus trockenen Zweigen, da dieses innerhalb weniger Jahre massiv an Stabilit\u00e4t einb\u00fc\u00dft. Sobald die Ruten gut angewurzelt sind und kr\u00e4ftig austreiben, wird das &#8218;Erdgeschoss&#8216; fertig geformt und anschlie\u00dfend der &#8218;Dachstuhl&#8216; aufgesetzt, so dass dieser auch z\u00fcgig von frischen Trieben umrankt werden kann und somit seine Stabilit\u00e4t bewahrt.<\/li>\n<\/ul>\n<\/div><div class=\"fusion-title title fusion-title-8 fusion-title-text fusion-title-size-two\"><h2 class=\"fusion-title-heading title-heading-left\" style=\"margin:0;\">Fotos<\/h2><span class=\"awb-title-spacer\"><\/span><div class=\"title-sep-container\"><div class=\"title-sep sep-single sep-solid\" style=\"border-color:#3e3e3e;\"><\/div><\/div><\/div><div class=\"fusion-text fusion-text-5\"><\/div><div class=\"fusion-clearfix\"><\/div><\/div><\/div><\/div><\/div>","protected":false},"excerpt":{"rendered":"","protected":false},"author":1,"featured_media":0,"parent":456,"menu_order":0,"comment_status":"open","ping_status":"open","template":"","meta":{"footnotes":""},"class_list":["post-2327","page","type-page","status-publish","hentry"],"yoast_head":"<!-- This site is optimized with the Yoast SEO plugin v26.9 - https:\/\/yoast.com\/product\/yoast-seo-wordpress\/ -->\n<title>Weidenpavillon - Fancy Plants - Deutsch<\/title>\n<meta name=\"description\" content=\"Hier erfahren Sie mehr \u00fcber die Faszination lebender Bauwerke. Relativ unproblematisch l\u00e4\u00dft sich aus Weidenruten ein Pavillon konstruieren.\" \/>\n<meta name=\"robots\" content=\"index, follow, max-snippet:-1, max-image-preview:large, max-video-preview:-1\" \/>\n<link rel=\"canonical\" href=\"http:\/\/www.fancyplants.de\/de\/gardenhome\/sonstiges\/weidenpavillon\/\" \/>\n<meta property=\"og:locale\" content=\"de_DE\" \/>\n<meta property=\"og:type\" content=\"article\" \/>\n<meta property=\"og:title\" content=\"Weidenpavillon - Fancy Plants - Deutsch\" \/>\n<meta property=\"og:description\" content=\"Hier erfahren Sie mehr \u00fcber die Faszination lebender Bauwerke. Relativ unproblematisch l\u00e4\u00dft sich aus Weidenruten ein Pavillon konstruieren.\" \/>\n<meta property=\"og:url\" content=\"http:\/\/www.fancyplants.de\/de\/gardenhome\/sonstiges\/weidenpavillon\/\" \/>\n<meta property=\"og:site_name\" content=\"Fancy Plants - Deutsch\" \/>\n<meta property=\"article:modified_time\" content=\"2019-11-17T15:08:38+00:00\" \/>\n<meta name=\"twitter:card\" content=\"summary_large_image\" \/>\n<meta name=\"twitter:label1\" content=\"Gesch\u00e4tzte Lesezeit\" \/>\n\t<meta name=\"twitter:data1\" content=\"8\u00a0Minuten\" \/>\n<script type=\"application\/ld+json\" class=\"yoast-schema-graph\">{\"@context\":\"https:\/\/schema.org\",\"@graph\":[{\"@type\":\"WebPage\",\"@id\":\"http:\/\/www.fancyplants.de\/de\/gardenhome\/sonstiges\/weidenpavillon\/\",\"url\":\"http:\/\/www.fancyplants.de\/de\/gardenhome\/sonstiges\/weidenpavillon\/\",\"name\":\"Weidenpavillon - Fancy Plants - Deutsch\",\"isPartOf\":{\"@id\":\"http:\/\/www.fancyplants.de\/de\/#website\"},\"datePublished\":\"2015-12-03T21:48:44+00:00\",\"dateModified\":\"2019-11-17T15:08:38+00:00\",\"description\":\"Hier erfahren Sie mehr \u00fcber die Faszination lebender Bauwerke. Relativ unproblematisch l\u00e4\u00dft sich aus Weidenruten ein Pavillon konstruieren.\",\"breadcrumb\":{\"@id\":\"http:\/\/www.fancyplants.de\/de\/gardenhome\/sonstiges\/weidenpavillon\/#breadcrumb\"},\"inLanguage\":\"de\",\"potentialAction\":[{\"@type\":\"ReadAction\",\"target\":[\"http:\/\/www.fancyplants.de\/de\/gardenhome\/sonstiges\/weidenpavillon\/\"]}]},{\"@type\":\"BreadcrumbList\",\"@id\":\"http:\/\/www.fancyplants.de\/de\/gardenhome\/sonstiges\/weidenpavillon\/#breadcrumb\",\"itemListElement\":[{\"@type\":\"ListItem\",\"position\":1,\"name\":\"Home\",\"item\":\"http:\/\/www.fancyplants.de\/de\/\"},{\"@type\":\"ListItem\",\"position\":2,\"name\":\"Garten-Projekte\",\"item\":\"http:\/\/www.fancyplants.de\/de\/gardenhome\/\"},{\"@type\":\"ListItem\",\"position\":3,\"name\":\"Sonstiges\",\"item\":\"http:\/\/www.fancyplants.de\/de\/gardenhome\/sonstiges\/\"},{\"@type\":\"ListItem\",\"position\":4,\"name\":\"Weidenpavillon\"}]},{\"@type\":\"WebSite\",\"@id\":\"http:\/\/www.fancyplants.de\/de\/#website\",\"url\":\"http:\/\/www.fancyplants.de\/de\/\",\"name\":\"Fancy Plants - Deutsch\",\"description\":\"Eine weitere WordPress-Seite\",\"potentialAction\":[{\"@type\":\"SearchAction\",\"target\":{\"@type\":\"EntryPoint\",\"urlTemplate\":\"http:\/\/www.fancyplants.de\/de\/?s={search_term_string}\"},\"query-input\":{\"@type\":\"PropertyValueSpecification\",\"valueRequired\":true,\"valueName\":\"search_term_string\"}}],\"inLanguage\":\"de\"}]}<\/script>\n<!-- \/ Yoast SEO plugin. -->","yoast_head_json":{"title":"Weidenpavillon - Fancy Plants - Deutsch","description":"Hier erfahren Sie mehr \u00fcber die Faszination lebender Bauwerke. Relativ unproblematisch l\u00e4\u00dft sich aus Weidenruten ein Pavillon konstruieren.","robots":{"index":"index","follow":"follow","max-snippet":"max-snippet:-1","max-image-preview":"max-image-preview:large","max-video-preview":"max-video-preview:-1"},"canonical":"http:\/\/www.fancyplants.de\/de\/gardenhome\/sonstiges\/weidenpavillon\/","og_locale":"de_DE","og_type":"article","og_title":"Weidenpavillon - Fancy Plants - Deutsch","og_description":"Hier erfahren Sie mehr \u00fcber die Faszination lebender Bauwerke. Relativ unproblematisch l\u00e4\u00dft sich aus Weidenruten ein Pavillon konstruieren.","og_url":"http:\/\/www.fancyplants.de\/de\/gardenhome\/sonstiges\/weidenpavillon\/","og_site_name":"Fancy Plants - Deutsch","article_modified_time":"2019-11-17T15:08:38+00:00","twitter_card":"summary_large_image","twitter_misc":{"Gesch\u00e4tzte Lesezeit":"8\u00a0Minuten"},"schema":{"@context":"https:\/\/schema.org","@graph":[{"@type":"WebPage","@id":"http:\/\/www.fancyplants.de\/de\/gardenhome\/sonstiges\/weidenpavillon\/","url":"http:\/\/www.fancyplants.de\/de\/gardenhome\/sonstiges\/weidenpavillon\/","name":"Weidenpavillon - Fancy Plants - Deutsch","isPartOf":{"@id":"http:\/\/www.fancyplants.de\/de\/#website"},"datePublished":"2015-12-03T21:48:44+00:00","dateModified":"2019-11-17T15:08:38+00:00","description":"Hier erfahren Sie mehr \u00fcber die Faszination lebender Bauwerke. Relativ unproblematisch l\u00e4\u00dft sich aus Weidenruten ein Pavillon konstruieren.","breadcrumb":{"@id":"http:\/\/www.fancyplants.de\/de\/gardenhome\/sonstiges\/weidenpavillon\/#breadcrumb"},"inLanguage":"de","potentialAction":[{"@type":"ReadAction","target":["http:\/\/www.fancyplants.de\/de\/gardenhome\/sonstiges\/weidenpavillon\/"]}]},{"@type":"BreadcrumbList","@id":"http:\/\/www.fancyplants.de\/de\/gardenhome\/sonstiges\/weidenpavillon\/#breadcrumb","itemListElement":[{"@type":"ListItem","position":1,"name":"Home","item":"http:\/\/www.fancyplants.de\/de\/"},{"@type":"ListItem","position":2,"name":"Garten-Projekte","item":"http:\/\/www.fancyplants.de\/de\/gardenhome\/"},{"@type":"ListItem","position":3,"name":"Sonstiges","item":"http:\/\/www.fancyplants.de\/de\/gardenhome\/sonstiges\/"},{"@type":"ListItem","position":4,"name":"Weidenpavillon"}]},{"@type":"WebSite","@id":"http:\/\/www.fancyplants.de\/de\/#website","url":"http:\/\/www.fancyplants.de\/de\/","name":"Fancy Plants - Deutsch","description":"Eine weitere WordPress-Seite","potentialAction":[{"@type":"SearchAction","target":{"@type":"EntryPoint","urlTemplate":"http:\/\/www.fancyplants.de\/de\/?s={search_term_string}"},"query-input":{"@type":"PropertyValueSpecification","valueRequired":true,"valueName":"search_term_string"}}],"inLanguage":"de"}]}},"_links":{"self":[{"href":"http:\/\/www.fancyplants.de\/de\/wp-json\/wp\/v2\/pages\/2327","targetHints":{"allow":["GET"]}}],"collection":[{"href":"http:\/\/www.fancyplants.de\/de\/wp-json\/wp\/v2\/pages"}],"about":[{"href":"http:\/\/www.fancyplants.de\/de\/wp-json\/wp\/v2\/types\/page"}],"author":[{"embeddable":true,"href":"http:\/\/www.fancyplants.de\/de\/wp-json\/wp\/v2\/users\/1"}],"replies":[{"embeddable":true,"href":"http:\/\/www.fancyplants.de\/de\/wp-json\/wp\/v2\/comments?post=2327"}],"version-history":[{"count":23,"href":"http:\/\/www.fancyplants.de\/de\/wp-json\/wp\/v2\/pages\/2327\/revisions"}],"predecessor-version":[{"id":3450,"href":"http:\/\/www.fancyplants.de\/de\/wp-json\/wp\/v2\/pages\/2327\/revisions\/3450"}],"up":[{"embeddable":true,"href":"http:\/\/www.fancyplants.de\/de\/wp-json\/wp\/v2\/pages\/456"}],"wp:attachment":[{"href":"http:\/\/www.fancyplants.de\/de\/wp-json\/wp\/v2\/media?parent=2327"}],"curies":[{"name":"wp","href":"https:\/\/api.w.org\/{rel}","templated":true}]}}