{"id":1002,"date":"2015-07-06T08:22:37","date_gmt":"2015-07-06T06:22:37","guid":{"rendered":"http:\/\/www.fancyplants.de\/de\/?page_id=1002"},"modified":"2019-10-15T08:50:35","modified_gmt":"2019-10-15T06:50:35","slug":"strahlengriffel","status":"publish","type":"page","link":"http:\/\/www.fancyplants.de\/de\/exotichome\/whspec\/strahlengriffel\/","title":{"rendered":"Strahlengriffel"},"content":{"rendered":"<div class=\"fusion-fullwidth fullwidth-box fusion-builder-row-1 hundred-percent-fullwidth non-hundred-percent-height-scrolling\" style=\"--awb-border-radius-top-left:0px;--awb-border-radius-top-right:0px;--awb-border-radius-bottom-right:0px;--awb-border-radius-bottom-left:0px;--awb-overflow:visible;--awb-flex-wrap:wrap;\" ><div class=\"fusion-builder-row fusion-row\"><div class=\"fusion-layout-column fusion_builder_column fusion-builder-column-0 fusion_builder_column_1_1 1_1 fusion-one-full fusion-column-first fusion-column-last\" style=\"--awb-bg-size:cover;\"><div class=\"fusion-column-wrapper fusion-flex-column-wrapper-legacy\"><div class=\"fusion-title title fusion-title-1 fusion-title-text fusion-title-size-one\"><h1 class=\"fusion-title-heading title-heading-left\" style=\"margin:0;\">Scharfz\u00e4hniger Strahlengriffel (<i>Actinidia arguta<\/i>)<\/h1><span class=\"awb-title-spacer\"><\/span><div class=\"title-sep-container\"><div class=\"title-sep sep-single sep-solid\" style=\"border-color:#3e3e3e;\"><\/div><\/div><\/div><div class=\"fusion-clearfix\"><\/div><\/div><\/div><div class=\"fusion-layout-column fusion_builder_column fusion-builder-column-1 fusion_builder_column_3_4 3_4 fusion-three-fourth fusion-column-first\" style=\"--awb-bg-size:cover;width:74%; margin-right: 4%;\"><div class=\"fusion-column-wrapper fusion-flex-column-wrapper-legacy\"><div class=\"fusion-title title fusion-title-2 fusion-title-text fusion-title-size-two\"><h2 class=\"fusion-title-heading title-heading-left\" style=\"margin:0;\">Im \u00dcberblick<\/h2><span class=\"awb-title-spacer\"><\/span><div class=\"title-sep-container\"><div class=\"title-sep sep-single sep-solid\" style=\"border-color:#3e3e3e;\"><\/div><\/div><\/div><div class=\"fusion-text fusion-text-1\"><p>Der Scharfz\u00e4hnige Strahlengriffel ist ein wenig bekannter Verwandter der Kiwi. Wie diese geh\u00f6rt er zu den Strahlengriffelgew\u00e4chsen (<i>Actinidiaceae<\/i>) und stammt aus Asien. Nat\u00fcrlicher Lebensraum sind Waldlichtungen. Der Scharfz\u00e4hnige Strahlengriffel bringt ebenfalls gute Fr\u00fcchte hervor, die teils seit kurzer Zeit als &#8222;Mini-Kiwis&#8220; vermarktet werden, da sie nur eine Gr\u00f6\u00dfe von 2 &#8211; 3 Zentimeter besitzen.<\/p>\n<\/div><div class=\"fusion-title title fusion-title-3 fusion-title-text fusion-title-size-two\"><h2 class=\"fusion-title-heading title-heading-left\" style=\"margin:0;\">Beschreibung<\/h2><span class=\"awb-title-spacer\"><\/span><div class=\"title-sep-container\"><div class=\"title-sep sep-single sep-solid\" style=\"border-color:#3e3e3e;\"><\/div><\/div><\/div><div class=\"fusion-text fusion-text-2\"><p>Wie bei der Kiwi handelt es sich um eine ausdauernde, sommmergr\u00fcne, verholzende Schlingpflanze. Die Pflanze ist <a class=\"biblio\" href=\"..\/..\/..\/service\/bibliothek#dioz\"><i class=\"fa fa-book\"><\/i> di\u00f6zisch<\/a>, das hei\u00dft es existieren m\u00e4nnliche und weibliche Pflanzen. Die einzelnen Triebe k\u00f6nnen mehrere Meter lang werden, gute spontane Verzweigung. Die Bl\u00e4tter sind eher l\u00e4nglich und kleiner als bei der Kiwi.<\/p>\n<\/div><div class=\"fusion-title title fusion-title-4 fusion-title-text fusion-title-size-two\"><h2 class=\"fusion-title-heading title-heading-left\" style=\"margin:0;\">Kultur<\/h2><span class=\"awb-title-spacer\"><\/span><div class=\"title-sep-container\"><div class=\"title-sep sep-single sep-solid\" style=\"border-color:#3e3e3e;\"><\/div><\/div><\/div><div class=\"fusion-text fusion-text-3\"><p>Die Pflanze ben\u00f6tigt eine Rankhilfe. Humoser Boden. Ein idealer Standort befindet sich in West- oder Ostlagen. Ein s\u00fcdexponierter Standort ist aufgrund der hohen Wasserverdunstung eher ung\u00fcnstig. Ein Schnitt ist nicht zwingend n\u00f6tig, wird aber gut vertragen. Es existieren zahlreiche Sorten. Im Handel wird die Sorte &#8218;Issai&#8216; als selbstfruchtend angeboten, aber auch bei dieser empfiehlt sich das zus\u00e4tzliche Pflanzen einer m\u00e4nnlichen Befruchtersorte, da so der Fruchtansatz als auch die Fruchtgr\u00f6\u00dfe etwa verdoppelt werden kann. Der Scharfz\u00e4hnige Strahlengriffel besitzt eine exzellente Frosth\u00e4rte bis -30\u00b0C, ein Winterschutz er\u00fcbrigt sich schon bei kleinen Pflanzen.<\/p>\n<\/div><div class=\"fusion-title title fusion-title-5 fusion-title-text fusion-title-size-two\"><h2 class=\"fusion-title-heading title-heading-left\" style=\"margin:0;\">Erfahrungen<\/h2><span class=\"awb-title-spacer\"><\/span><div class=\"title-sep-container\"><div class=\"title-sep sep-single sep-solid\" style=\"border-color:#3e3e3e;\"><\/div><\/div><\/div><div class=\"fusion-text fusion-text-4\"><h3>2009<\/h3>\n<p>Im Sommer 2009 habe ich eine kleine &#8218;Issai&#8216; gepflanzt, die den Winter ohne Schutz sehr gut \u00fcberstanden hat.<\/p>\n<h3>2010<\/h3>\n<p>Im Fr\u00fchjahr hat die Pflanze bereits ihre ersten zwei Fr\u00fcchte angesetzt, bei Trockenheit im Fr\u00fchsommer aber leider abgeworfen. Daneben habe ich im Sommer eine m\u00e4nnliche Pflanze eingesetzt.<\/p>\n<h3>2011<\/h3>\n<p>Der Winter wurde von beiden Pflanzen ohne Schutz problemlos \u00fcberstanden. Dieses Jahr war der April ungew\u00f6hnlich warm, so dass die Pflanzen Anfang Mai bereits weit ausgetrieben hatten. In einer Sp\u00e4tfrostnacht Anfang Mai war der gesamte Austrieb komplett erfroren, sp\u00e4ter erfolgte der Neuaustrieb. Seither leiden beide Pflanzen unter der anhaltenden Trockenheit.<\/p>\n<p>Samen k\u00f6nnen Sie an dieser <a href=\"http:\/\/www.amazon.de\/gp\/product\/B002EYP0WS?ie=UTF8&amp;tag=fancplan-21&amp;linkCode=as2&amp;camp=1638&amp;creative=19454&amp;creativeASIN=B002EYP0WS\" target=\"_blank\" rel=\"noopener noreferrer\"><i class=\"fa fa-sign-out\"><\/i> Stelle<\/a><img decoding=\"async\" src=\"http:\/\/www.assoc-amazon.de\/e\/ir?t=fancplan-21&amp;l=as2&amp;o=3&amp;a=B002EYP0WS\" alt=\"\" width=\"1\" height=\"1\" border=\"0\" \/> bei Amazon beziehen.<\/p>\n<\/div><div class=\"fusion-clearfix\"><\/div><\/div><\/div><div class=\"fusion-layout-column fusion_builder_column fusion-builder-column-2 fusion_builder_column_1_4 1_4 fusion-one-fourth fusion-column-last\" style=\"--awb-bg-size:cover;width:22%;\"><div class=\"fusion-column-wrapper fusion-flex-column-wrapper-legacy\"><style type='text\/css'>.reading-box-container-1 .element-bottomshadow:before,.reading-box-container-1 .element-bottomshadow:after{opacity:0.7;}<\/style><div class=\"fusion-reading-box-container reading-box-container-1\" style=\"--awb-title-color:#ddbd73;--awb-margin-top:0px;--awb-margin-bottom:84px;\"><div class=\"reading-box element-bottomshadow\" style=\"background-color:#3e3e3e;border-width:1px;border-color:#3e3e3e;border-top-width:3px;border-top-color:var(--primary_color);border-style:solid;\"><div class=\"reading-box-additional\"><ul style=\"--awb-size:13px;--awb-line-height:22.1px;--awb-icon-width:22.1px;--awb-icon-height:22.1px;--awb-icon-margin:9.1px;--awb-content-margin:31.2px;--awb-circlecolor:#a0ce4e;--awb-circle-yes-font-size:11.44px;\" class=\"fusion-checklist fusion-checklist-1 fusion-checklist-default type-icons\"><li class=\"fusion-li-item\" style=\"\"><span class=\"icon-wrapper circle-yes\"><i class=\"fusion-li-icon fa fa-share-alt\" aria-hidden=\"true\"><\/i><\/span><div class=\"fusion-li-item-content\">\n<h2>Systematik<\/h2>\n<\/div><\/li><li class=\"fusion-li-item\" style=\"\"><span class=\"icon-wrapper circle-yes\"><i class=\"fusion-li-icon fa fa-caret-right\" aria-hidden=\"true\"><\/i><\/span><div class=\"fusion-li-item-content\">Ordnung: Heidekrautartige (Ericales)<\/div><\/li><li class=\"fusion-li-item\" style=\"\"><span class=\"icon-wrapper circle-yes\"><i class=\"fusion-li-icon fa fa-caret-right\" aria-hidden=\"true\"><\/i><\/span><div class=\"fusion-li-item-content\">Familie: Strahlengriffelgew\u00e4chse (Actinidiaceae)<\/div><\/li><li class=\"fusion-li-item\" style=\"\"><span class=\"icon-wrapper circle-yes\"><i class=\"fusion-li-icon fa fa-caret-right\" aria-hidden=\"true\"><\/i><\/span><div class=\"fusion-li-item-content\">Gattung: Strahlengriffel (Actinidia)<\/div><\/li><\/ul><\/div><div class=\"fusion-clearfix\"><\/div><\/div><\/div><style type='text\/css'>.reading-box-container-2 .element-bottomshadow:before,.reading-box-container-2 .element-bottomshadow:after{opacity:0.7;}<\/style><div class=\"fusion-reading-box-container reading-box-container-2\" style=\"--awb-title-color:#ddbd73;--awb-margin-top:0px;--awb-margin-bottom:84px;\"><div class=\"reading-box element-bottomshadow\" style=\"background-color:#3e3e3e;border-width:1px;border-color:#3e3e3e;border-top-width:3px;border-top-color:var(--primary_color);border-style:solid;\"><div class=\"reading-box-additional\"><ul style=\"--awb-size:13px;--awb-line-height:22.1px;--awb-icon-width:22.1px;--awb-icon-height:22.1px;--awb-icon-margin:9.1px;--awb-content-margin:31.2px;--awb-circlecolor:#a0ce4e;--awb-circle-yes-font-size:11.44px;\" class=\"fusion-checklist fusion-checklist-2 fusion-checklist-default type-icons\"><li class=\"fusion-li-item\" style=\"\"><span class=\"icon-wrapper circle-yes\"><i class=\"fusion-li-icon fa fa-sort-amount-asc\" aria-hidden=\"true\"><\/i><\/span><div class=\"fusion-li-item-content\">\n<h2>Vermehrung<\/h2>\n<\/div><\/li><li class=\"fusion-li-item\" style=\"\"><span class=\"icon-wrapper circle-yes\"><i class=\"fusion-li-icon fa fa-futbol-o\" aria-hidden=\"true\"><\/i><\/span><div class=\"fusion-li-item-content\">generativ<\/div><\/li>\n<li class=\"fusion-li-item\" style=\"\"><span class=\"icon-wrapper circle-yes\"><i class=\"fusion-li-icon fa fa-leaf\" aria-hidden=\"true\"><\/i><\/span><div class=\"fusion-li-item-content\">vegetativ<\/div><\/li><\/ul><\/div><div class=\"fusion-clearfix\"><\/div><\/div><\/div><style type='text\/css'>.reading-box-container-3 .element-bottomshadow:before,.reading-box-container-3 .element-bottomshadow:after{opacity:0.7;}<\/style><div class=\"fusion-reading-box-container reading-box-container-3\" style=\"--awb-title-color:#ddbd73;--awb-margin-top:0px;--awb-margin-bottom:84px;\"><div class=\"reading-box element-bottomshadow\" style=\"background-color:#3e3e3e;border-width:1px;border-color:#3e3e3e;border-top-width:3px;border-top-color:var(--primary_color);border-style:solid;\"><div class=\"reading-box-additional\"><ul style=\"--awb-size:13px;--awb-line-height:22.1px;--awb-icon-width:22.1px;--awb-icon-height:22.1px;--awb-icon-margin:9.1px;--awb-content-margin:31.2px;--awb-circlecolor:#a0ce4e;--awb-circle-yes-font-size:11.44px;\" class=\"fusion-checklist fusion-checklist-3 fusion-checklist-default type-icons\"><li class=\"fusion-li-item\" style=\"\"><span class=\"icon-wrapper circle-yes\"><i class=\"fusion-li-icon fa fa-scissors\" aria-hidden=\"true\"><\/i><\/span><div class=\"fusion-li-item-content\"><h2>Kultur<\/h2><\/div><\/li><li class=\"fusion-li-item\" style=\"\"><span class=\"icon-wrapper circle-yes\"><i class=\"fusion-li-icon fa fa-sort\" aria-hidden=\"true\"><\/i><\/span><div class=\"fusion-li-item-content\">mittelschwer<\/div><\/li><\/ul><\/div><div class=\"fusion-clearfix\"><\/div><\/div><\/div><style type='text\/css'>.reading-box-container-4 .element-bottomshadow:before,.reading-box-container-4 .element-bottomshadow:after{opacity:0.7;}<\/style><div class=\"fusion-reading-box-container reading-box-container-4\" style=\"--awb-title-color:#ddbd73;--awb-margin-top:0px;--awb-margin-bottom:84px;\"><div class=\"reading-box element-bottomshadow\" style=\"background-color:#3e3e3e;border-width:1px;border-color:#3e3e3e;border-top-width:3px;border-top-color:var(--primary_color);border-style:solid;\"><div class=\"reading-box-additional\"><ul style=\"--awb-size:13px;--awb-line-height:22.1px;--awb-icon-width:22.1px;--awb-icon-height:22.1px;--awb-icon-margin:9.1px;--awb-content-margin:31.2px;--awb-circlecolor:#a0ce4e;--awb-circle-yes-font-size:11.44px;\" class=\"fusion-checklist fusion-checklist-4 fusion-checklist-default type-icons\"><li class=\"fusion-li-item\" style=\"\"><span class=\"icon-wrapper circle-yes\"><i class=\"fusion-li-icon fa fa-apple\" aria-hidden=\"true\"><\/i><\/span><div class=\"fusion-li-item-content\"><h2>Fr\u00fcchte<\/h2><\/div><\/li><li class=\"fusion-li-item\" style=\"\"><span class=\"icon-wrapper circle-yes\"><i class=\"fusion-li-icon fa fa-caret-up\" aria-hidden=\"true\"><\/i><\/span><div class=\"fusion-li-item-content\">h\u00e4ufig<\/div><\/li><\/ul><\/div><div class=\"fusion-clearfix\"><\/div><\/div><\/div><style type='text\/css'>.reading-box-container-5 .element-bottomshadow:before,.reading-box-container-5 .element-bottomshadow:after{opacity:0.7;}<\/style><div class=\"fusion-reading-box-container reading-box-container-5\" style=\"--awb-title-color:#ddbd73;--awb-margin-top:0px;--awb-margin-bottom:84px;\"><div class=\"reading-box element-bottomshadow\" style=\"background-color:#3e3e3e;border-width:1px;border-color:#3e3e3e;border-top-width:3px;border-top-color:var(--primary_color);border-style:solid;\"><div class=\"reading-box-additional\"><ul style=\"--awb-size:13px;--awb-line-height:22.1px;--awb-icon-width:22.1px;--awb-icon-height:22.1px;--awb-icon-margin:9.1px;--awb-content-margin:31.2px;--awb-circlecolor:#a0ce4e;--awb-circle-yes-font-size:11.44px;\" class=\"fusion-checklist fusion-checklist-5 fusion-checklist-default type-icons\"><li class=\"fusion-li-item\" style=\"\"><span class=\"icon-wrapper circle-yes\"><i class=\"fusion-li-icon fa fa-bolt\" aria-hidden=\"true\"><\/i><\/span><div class=\"fusion-li-item-content\">\n<h2>USDA &#8211; Zone<\/h2>\n<\/div><\/li><li class=\"fusion-li-item\" style=\"\"><span class=\"icon-wrapper circle-yes\"><i class=\"fusion-li-icon fa fa-caret-right\" aria-hidden=\"true\"><\/i><\/span><div class=\"fusion-li-item-content\">5a (-28,8\u00b0C)<\/div><\/li><\/ul><\/div><div class=\"fusion-clearfix\"><\/div><\/div><\/div><div class=\"fusion-clearfix\"><\/div><\/div><\/div><\/div><\/div>","protected":false},"excerpt":{"rendered":"","protected":false},"author":1,"featured_media":0,"parent":724,"menu_order":0,"comment_status":"open","ping_status":"open","template":"","meta":{"footnotes":""},"class_list":["post-1002","page","type-page","status-publish","hentry"],"yoast_head":"<!-- This site is optimized with the Yoast SEO plugin v26.9 - https:\/\/yoast.com\/product\/yoast-seo-wordpress\/ -->\n<title>Strahlengriffel - Fancy Plants - Deutsch<\/title>\n<meta name=\"description\" content=\"Die Mini-Kiwi oder der Scharfz\u00e4hnige Strahlengriffel (Actinidia arguta), eine Vertreter der Strahlengriffelgew\u00e4chse (Actinidiaceae), l\u00e4sst sich mit meiner Anleitung einfach im Garten kultivieren. Nach wenigen Jahren unkomplizierter Pflege belohnt die Mini-Kiwi die M\u00fchen mit stachelbeergro\u00dfen Fr\u00fcchten.\" \/>\n<meta name=\"robots\" content=\"index, follow, max-snippet:-1, max-image-preview:large, max-video-preview:-1\" \/>\n<link rel=\"canonical\" href=\"http:\/\/www.fancyplants.de\/de\/exotichome\/whspec\/strahlengriffel\/\" \/>\n<meta property=\"og:locale\" content=\"de_DE\" \/>\n<meta property=\"og:type\" content=\"article\" \/>\n<meta property=\"og:title\" content=\"Strahlengriffel - Fancy Plants - Deutsch\" \/>\n<meta property=\"og:description\" content=\"Die Mini-Kiwi oder der Scharfz\u00e4hnige Strahlengriffel (Actinidia arguta), eine Vertreter der Strahlengriffelgew\u00e4chse (Actinidiaceae), l\u00e4sst sich mit meiner Anleitung einfach im Garten kultivieren. Nach wenigen Jahren unkomplizierter Pflege belohnt die Mini-Kiwi die M\u00fchen mit stachelbeergro\u00dfen Fr\u00fcchten.\" \/>\n<meta property=\"og:url\" content=\"http:\/\/www.fancyplants.de\/de\/exotichome\/whspec\/strahlengriffel\/\" \/>\n<meta property=\"og:site_name\" content=\"Fancy Plants - Deutsch\" \/>\n<meta property=\"article:modified_time\" content=\"2019-10-15T06:50:35+00:00\" \/>\n<meta property=\"og:image\" content=\"http:\/\/www.assoc-amazon.de\/e\/ir?t=fancplan-21&amp;l=as2&amp;o=3&amp;a=B002EYP0WS\" \/>\n<meta name=\"twitter:card\" content=\"summary_large_image\" \/>\n<meta name=\"twitter:label1\" content=\"Gesch\u00e4tzte Lesezeit\" \/>\n\t<meta name=\"twitter:data1\" content=\"5\u00a0Minuten\" \/>\n<script type=\"application\/ld+json\" class=\"yoast-schema-graph\">{\"@context\":\"https:\/\/schema.org\",\"@graph\":[{\"@type\":\"WebPage\",\"@id\":\"http:\/\/www.fancyplants.de\/de\/exotichome\/whspec\/strahlengriffel\/\",\"url\":\"http:\/\/www.fancyplants.de\/de\/exotichome\/whspec\/strahlengriffel\/\",\"name\":\"Strahlengriffel - Fancy Plants - Deutsch\",\"isPartOf\":{\"@id\":\"http:\/\/www.fancyplants.de\/de\/#website\"},\"primaryImageOfPage\":{\"@id\":\"http:\/\/www.fancyplants.de\/de\/exotichome\/whspec\/strahlengriffel\/#primaryimage\"},\"image\":{\"@id\":\"http:\/\/www.fancyplants.de\/de\/exotichome\/whspec\/strahlengriffel\/#primaryimage\"},\"thumbnailUrl\":\"http:\/\/www.assoc-amazon.de\/e\/ir?t=fancplan-21&amp;l=as2&amp;o=3&amp;a=B002EYP0WS\",\"datePublished\":\"2015-07-06T06:22:37+00:00\",\"dateModified\":\"2019-10-15T06:50:35+00:00\",\"description\":\"Die Mini-Kiwi oder der Scharfz\u00e4hnige Strahlengriffel (Actinidia arguta), eine Vertreter der Strahlengriffelgew\u00e4chse (Actinidiaceae), l\u00e4sst sich mit meiner Anleitung einfach im Garten kultivieren. Nach wenigen Jahren unkomplizierter Pflege belohnt die Mini-Kiwi die M\u00fchen mit stachelbeergro\u00dfen Fr\u00fcchten.\",\"breadcrumb\":{\"@id\":\"http:\/\/www.fancyplants.de\/de\/exotichome\/whspec\/strahlengriffel\/#breadcrumb\"},\"inLanguage\":\"de\",\"potentialAction\":[{\"@type\":\"ReadAction\",\"target\":[\"http:\/\/www.fancyplants.de\/de\/exotichome\/whspec\/strahlengriffel\/\"]}]},{\"@type\":\"ImageObject\",\"inLanguage\":\"de\",\"@id\":\"http:\/\/www.fancyplants.de\/de\/exotichome\/whspec\/strahlengriffel\/#primaryimage\",\"url\":\"http:\/\/www.assoc-amazon.de\/e\/ir?t=fancplan-21&amp;l=as2&amp;o=3&amp;a=B002EYP0WS\",\"contentUrl\":\"http:\/\/www.assoc-amazon.de\/e\/ir?t=fancplan-21&amp;l=as2&amp;o=3&amp;a=B002EYP0WS\"},{\"@type\":\"BreadcrumbList\",\"@id\":\"http:\/\/www.fancyplants.de\/de\/exotichome\/whspec\/strahlengriffel\/#breadcrumb\",\"itemListElement\":[{\"@type\":\"ListItem\",\"position\":1,\"name\":\"Home\",\"item\":\"http:\/\/www.fancyplants.de\/de\/\"},{\"@type\":\"ListItem\",\"position\":2,\"name\":\"Exotische Nutzpflanzen\",\"item\":\"http:\/\/www.fancyplants.de\/de\/exotichome\/\"},{\"@type\":\"ListItem\",\"position\":3,\"name\":\"Winterharte Arten\",\"item\":\"http:\/\/www.fancyplants.de\/de\/exotichome\/whspec\/\"},{\"@type\":\"ListItem\",\"position\":4,\"name\":\"Strahlengriffel\"}]},{\"@type\":\"WebSite\",\"@id\":\"http:\/\/www.fancyplants.de\/de\/#website\",\"url\":\"http:\/\/www.fancyplants.de\/de\/\",\"name\":\"Fancy Plants - Deutsch\",\"description\":\"Eine weitere WordPress-Seite\",\"potentialAction\":[{\"@type\":\"SearchAction\",\"target\":{\"@type\":\"EntryPoint\",\"urlTemplate\":\"http:\/\/www.fancyplants.de\/de\/?s={search_term_string}\"},\"query-input\":{\"@type\":\"PropertyValueSpecification\",\"valueRequired\":true,\"valueName\":\"search_term_string\"}}],\"inLanguage\":\"de\"}]}<\/script>\n<!-- \/ Yoast SEO plugin. -->","yoast_head_json":{"title":"Strahlengriffel - Fancy Plants - Deutsch","description":"Die Mini-Kiwi oder der Scharfz\u00e4hnige Strahlengriffel (Actinidia arguta), eine Vertreter der Strahlengriffelgew\u00e4chse (Actinidiaceae), l\u00e4sst sich mit meiner Anleitung einfach im Garten kultivieren. Nach wenigen Jahren unkomplizierter Pflege belohnt die Mini-Kiwi die M\u00fchen mit stachelbeergro\u00dfen Fr\u00fcchten.","robots":{"index":"index","follow":"follow","max-snippet":"max-snippet:-1","max-image-preview":"max-image-preview:large","max-video-preview":"max-video-preview:-1"},"canonical":"http:\/\/www.fancyplants.de\/de\/exotichome\/whspec\/strahlengriffel\/","og_locale":"de_DE","og_type":"article","og_title":"Strahlengriffel - Fancy Plants - Deutsch","og_description":"Die Mini-Kiwi oder der Scharfz\u00e4hnige Strahlengriffel (Actinidia arguta), eine Vertreter der Strahlengriffelgew\u00e4chse (Actinidiaceae), l\u00e4sst sich mit meiner Anleitung einfach im Garten kultivieren. Nach wenigen Jahren unkomplizierter Pflege belohnt die Mini-Kiwi die M\u00fchen mit stachelbeergro\u00dfen Fr\u00fcchten.","og_url":"http:\/\/www.fancyplants.de\/de\/exotichome\/whspec\/strahlengriffel\/","og_site_name":"Fancy Plants - Deutsch","article_modified_time":"2019-10-15T06:50:35+00:00","og_image":[{"url":"http:\/\/www.assoc-amazon.de\/e\/ir?t=fancplan-21&amp;l=as2&amp;o=3&amp;a=B002EYP0WS","type":"","width":"","height":""}],"twitter_card":"summary_large_image","twitter_misc":{"Gesch\u00e4tzte Lesezeit":"5\u00a0Minuten"},"schema":{"@context":"https:\/\/schema.org","@graph":[{"@type":"WebPage","@id":"http:\/\/www.fancyplants.de\/de\/exotichome\/whspec\/strahlengriffel\/","url":"http:\/\/www.fancyplants.de\/de\/exotichome\/whspec\/strahlengriffel\/","name":"Strahlengriffel - Fancy Plants - Deutsch","isPartOf":{"@id":"http:\/\/www.fancyplants.de\/de\/#website"},"primaryImageOfPage":{"@id":"http:\/\/www.fancyplants.de\/de\/exotichome\/whspec\/strahlengriffel\/#primaryimage"},"image":{"@id":"http:\/\/www.fancyplants.de\/de\/exotichome\/whspec\/strahlengriffel\/#primaryimage"},"thumbnailUrl":"http:\/\/www.assoc-amazon.de\/e\/ir?t=fancplan-21&amp;l=as2&amp;o=3&amp;a=B002EYP0WS","datePublished":"2015-07-06T06:22:37+00:00","dateModified":"2019-10-15T06:50:35+00:00","description":"Die Mini-Kiwi oder der Scharfz\u00e4hnige Strahlengriffel (Actinidia arguta), eine Vertreter der Strahlengriffelgew\u00e4chse (Actinidiaceae), l\u00e4sst sich mit meiner Anleitung einfach im Garten kultivieren. Nach wenigen Jahren unkomplizierter Pflege belohnt die Mini-Kiwi die M\u00fchen mit stachelbeergro\u00dfen Fr\u00fcchten.","breadcrumb":{"@id":"http:\/\/www.fancyplants.de\/de\/exotichome\/whspec\/strahlengriffel\/#breadcrumb"},"inLanguage":"de","potentialAction":[{"@type":"ReadAction","target":["http:\/\/www.fancyplants.de\/de\/exotichome\/whspec\/strahlengriffel\/"]}]},{"@type":"ImageObject","inLanguage":"de","@id":"http:\/\/www.fancyplants.de\/de\/exotichome\/whspec\/strahlengriffel\/#primaryimage","url":"http:\/\/www.assoc-amazon.de\/e\/ir?t=fancplan-21&amp;l=as2&amp;o=3&amp;a=B002EYP0WS","contentUrl":"http:\/\/www.assoc-amazon.de\/e\/ir?t=fancplan-21&amp;l=as2&amp;o=3&amp;a=B002EYP0WS"},{"@type":"BreadcrumbList","@id":"http:\/\/www.fancyplants.de\/de\/exotichome\/whspec\/strahlengriffel\/#breadcrumb","itemListElement":[{"@type":"ListItem","position":1,"name":"Home","item":"http:\/\/www.fancyplants.de\/de\/"},{"@type":"ListItem","position":2,"name":"Exotische Nutzpflanzen","item":"http:\/\/www.fancyplants.de\/de\/exotichome\/"},{"@type":"ListItem","position":3,"name":"Winterharte Arten","item":"http:\/\/www.fancyplants.de\/de\/exotichome\/whspec\/"},{"@type":"ListItem","position":4,"name":"Strahlengriffel"}]},{"@type":"WebSite","@id":"http:\/\/www.fancyplants.de\/de\/#website","url":"http:\/\/www.fancyplants.de\/de\/","name":"Fancy Plants - Deutsch","description":"Eine weitere WordPress-Seite","potentialAction":[{"@type":"SearchAction","target":{"@type":"EntryPoint","urlTemplate":"http:\/\/www.fancyplants.de\/de\/?s={search_term_string}"},"query-input":{"@type":"PropertyValueSpecification","valueRequired":true,"valueName":"search_term_string"}}],"inLanguage":"de"}]}},"_links":{"self":[{"href":"http:\/\/www.fancyplants.de\/de\/wp-json\/wp\/v2\/pages\/1002","targetHints":{"allow":["GET"]}}],"collection":[{"href":"http:\/\/www.fancyplants.de\/de\/wp-json\/wp\/v2\/pages"}],"about":[{"href":"http:\/\/www.fancyplants.de\/de\/wp-json\/wp\/v2\/types\/page"}],"author":[{"embeddable":true,"href":"http:\/\/www.fancyplants.de\/de\/wp-json\/wp\/v2\/users\/1"}],"replies":[{"embeddable":true,"href":"http:\/\/www.fancyplants.de\/de\/wp-json\/wp\/v2\/comments?post=1002"}],"version-history":[{"count":1,"href":"http:\/\/www.fancyplants.de\/de\/wp-json\/wp\/v2\/pages\/1002\/revisions"}],"predecessor-version":[{"id":2969,"href":"http:\/\/www.fancyplants.de\/de\/wp-json\/wp\/v2\/pages\/1002\/revisions\/2969"}],"up":[{"embeddable":true,"href":"http:\/\/www.fancyplants.de\/de\/wp-json\/wp\/v2\/pages\/724"}],"wp:attachment":[{"href":"http:\/\/www.fancyplants.de\/de\/wp-json\/wp\/v2\/media?parent=1002"}],"curies":[{"name":"wp","href":"https:\/\/api.w.org\/{rel}","templated":true}]}}