{"id":1000,"date":"2015-07-06T08:22:07","date_gmt":"2015-07-06T06:22:07","guid":{"rendered":"http:\/\/www.fancyplants.de\/de\/?page_id=1000"},"modified":"2019-10-23T09:41:11","modified_gmt":"2019-10-23T07:41:11","slug":"speierling","status":"publish","type":"page","link":"http:\/\/www.fancyplants.de\/de\/exotichome\/whspec\/speierling\/","title":{"rendered":"Speierling"},"content":{"rendered":"<div class=\"fusion-fullwidth fullwidth-box fusion-builder-row-1 hundred-percent-fullwidth non-hundred-percent-height-scrolling\" style=\"--awb-border-radius-top-left:0px;--awb-border-radius-top-right:0px;--awb-border-radius-bottom-right:0px;--awb-border-radius-bottom-left:0px;--awb-overflow:visible;--awb-flex-wrap:wrap;\" ><div class=\"fusion-builder-row fusion-row\"><div class=\"fusion-layout-column fusion_builder_column fusion-builder-column-0 fusion_builder_column_1_1 1_1 fusion-one-full fusion-column-first fusion-column-last\" style=\"--awb-bg-size:cover;\"><div class=\"fusion-column-wrapper fusion-flex-column-wrapper-legacy\"><div class=\"fusion-title title fusion-title-1 fusion-title-text fusion-title-size-one\"><h1 class=\"fusion-title-heading title-heading-left\" style=\"margin:0;\">Speierling (<i>Sorbus domestica<\/i>)<\/h1><span class=\"awb-title-spacer\"><\/span><div class=\"title-sep-container\"><div class=\"title-sep sep-single sep-solid\" style=\"border-color:#3e3e3e;\"><\/div><\/div><\/div><div class=\"fusion-clearfix\"><\/div><\/div><\/div><div class=\"fusion-layout-column fusion_builder_column fusion-builder-column-1 fusion_builder_column_3_4 3_4 fusion-three-fourth fusion-column-first\" style=\"--awb-bg-size:cover;width:74%; margin-right: 4%;\"><div class=\"fusion-column-wrapper fusion-flex-column-wrapper-legacy\"><div class=\"fusion-title title fusion-title-2 fusion-title-text fusion-title-size-two\"><h2 class=\"fusion-title-heading title-heading-left\" style=\"margin:0;\">Im \u00dcberblick<\/h2><span class=\"awb-title-spacer\"><\/span><div class=\"title-sep-container\"><div class=\"title-sep sep-single sep-solid\" style=\"border-color:#3e3e3e;\"><\/div><\/div><\/div><div class=\"fusion-text fusion-text-1\"><div class=\"intextl\"><a class=\"lupe200\" title=\"Bl\u00fcte, Mai 2017.\" href=\"..\/..\/..\/..\/images\/plants\/speierlingbluete.jpg\" data-gallery=\"\"><img decoding=\"async\" src=\"..\/..\/..\/..\/images\/plants\/speierlingbluetes.jpg\" alt=\"Bl\u00fcte, Mai 2017.\" width=\"200\" height=\"200\" \/><span><\/span><\/a><\/div>\n<div class=\"intextr\"><a class=\"lupe200\" title=\"Speierlingfr\u00fcchte, September 2017.\" href=\"..\/..\/..\/..\/images\/plants\/speierling1.jpg\" data-gallery=\"\"><img decoding=\"async\" src=\"..\/..\/..\/..\/images\/plants\/speierling1s.jpg\" alt=\"Speierlingfr\u00fcchte, September 2017.\" width=\"200\" height=\"200\" \/><span><\/span><\/a><\/div>\n<\/div><div class=\"fusion-text fusion-text-2\"><p>Haben Sie in Ihrem Leben schon einmal einen Speierling gesehen? Bislang noch nicht? Dann sind Sie nicht in der Minderzahl. Leider ist dieses heimische Geh\u00f6lz heute weitestgehend vergessen und das, obwohl er Baum des Jahres 1993 war. In Deutschland existieren noch etwa 1000 \u00e4ltere Speierlingexemplare, die in Solit\u00e4rstellung zu imposanten Pflanzen heranwachsen k\u00f6nnen. Speierlinge habe einerseits das h\u00e4rteste Holz der in Deutschland beheimateten B\u00e4ume, andererseits bildet ein ausgewachsener Speierling bis zu einer Tonne Fr\u00fcchte aus. Diese 2 bis 3 Zentimeter gro\u00dfen Fr\u00fcchte sehen aus wie Miniatur\u00e4pfelchen und haben in Hessen noch eine gewisse Bedeutung. Regionale Keltereien mischen einen geringen Prozentsatz unreifer Speierlingfr\u00fcchte dem Apfelwein hinzu, um diesen zu kl\u00e4ren und aromatisch zu verbessern. Speierlinge haben gefiederte Bl\u00e4tter und verraten somit ihre Zugeh\u00f6rigkeit zur Gattung <i>Sorbus<\/i>. Verwandte sind die seltene Elsbeere und die weitaus bekanntere Vogelbeere.<\/p>\n<\/div><div class=\"fusion-title title fusion-title-3 fusion-title-text fusion-title-size-two\"><h2 class=\"fusion-title-heading title-heading-left\" style=\"margin:0;\">Beschreibung<\/h2><span class=\"awb-title-spacer\"><\/span><div class=\"title-sep-container\"><div class=\"title-sep sep-single sep-solid\" style=\"border-color:#3e3e3e;\"><\/div><\/div><\/div><div class=\"fusion-text fusion-text-3\"><p>Urspr\u00fcnglich mediterraner Herkunft wurde der Speierling, ein Vertreter der Rosengew\u00e4chse (<i>Rosaceae<\/i>), von den R\u00f6mern in Deutschland eingef\u00fchrt. Es handelt sich also um ein <a class=\"biblio\" href=\"..\/..\/..\/service\/bibliothek#Neophyt\"><i class=\"fa fa-book\"><\/i> Arch\u00e4ophyt<\/a>. \u00c4ltere Speierlinge findet man meist als Solit\u00e4rbaum, im Alter erreicht er etwa eine H\u00f6he von 20 Metern und einen maximalen Stammdurchmesser von einem Meter. Die Borke ist eichen\u00e4hnlich, als Laub hat er bis zu 25 cm lange Fiederbl\u00e4tter \u00e4hnlich wie die Vogelbeere. Im Herbst tr\u00e4gt er zahlreiche, zwei bis drei Zentimeter gro\u00dfe Fr\u00fcchte, die im \u00fcberreifen Zustand zu Konfit\u00fcren, Chutneys oder S\u00e4fte weiterverarbeitet werden k\u00f6nnen.<\/p>\n<\/div><div class=\"fusion-title title fusion-title-4 fusion-title-text fusion-title-size-two\"><h2 class=\"fusion-title-heading title-heading-left\" style=\"margin:0;\">Kultur<\/h2><span class=\"awb-title-spacer\"><\/span><div class=\"title-sep-container\"><div class=\"title-sep sep-single sep-solid\" style=\"border-color:#3e3e3e;\"><\/div><\/div><\/div><div class=\"fusion-text fusion-text-4\"><p>Die Kultur ist unproblematisch, einfach einen Speierling in den Garten auspflanzen. Frosthart, keine wesentlichen Bodenanspr\u00fcche. Schnitt m\u00f6glich, am besten Obstbaumschnitt. Eine generative Vermehrung \u00fcber Samen ist sehr schwierig und nur etwas f\u00fcr Spezialisten.<\/p>\n<\/div><div class=\"fusion-title title fusion-title-5 fusion-title-text fusion-title-size-two\"><h2 class=\"fusion-title-heading title-heading-left\" style=\"margin:0;\">Erfahrungen<\/h2><span class=\"awb-title-spacer\"><\/span><div class=\"title-sep-container\"><div class=\"title-sep sep-single sep-solid\" style=\"border-color:#3e3e3e;\"><\/div><\/div><\/div><div class=\"fusion-text fusion-text-5\"><h3>2010<\/h3>\n<div class=\"intextr\"><a class=\"lupe200\" title=\"Speierling, Anfang Mai 2011.\" href=\"..\/..\/..\/..\/images\/plants\/speierling.jpg\" data-gallery=\"\"><img decoding=\"async\" src=\"..\/..\/..\/..\/images\/plants\/speierlings.jpg\" alt=\"Speierling, Anfang Mai 2011.\" width=\"200\" height=\"200\" \/><span><\/span><\/a><\/div>\n<p>Im Fr\u00fchjahr 2010 habe ich mir einen 1,5 m hohen Baum gekauft und in meinen Garten ausgepflanzt. Der Baum zeigte sich bereits im Pflanzjahr als sehr w\u00fcchsig.<\/p>\n<h3>2011<\/h3>\n<p>Den ersten Winter hat der Baum ohne Frostschutz vorz\u00fcglich \u00fcberstanden, ebenso eine kurze Sp\u00e4tfrostphase Anfang Mai. Auch dieses Jahr zeigt sich der Baum bislang sehr schnellwachsend.<\/p>\n<h3>2012 &#8211; 2015<\/h3>\n<div class=\"intextr\"><a class=\"lupe200\" title=\"Speierling, 2017.\" href=\"..\/..\/..\/..\/images\/plants\/speierling2017.jpg\" data-gallery=\"\"><img decoding=\"async\" src=\"..\/..\/..\/..\/images\/plants\/speierling2017s.jpg\" alt=\"Speierling, 2017.\" width=\"200\" height=\"200\" \/><span><\/span><\/a><\/div>\n<p>Auch die Folgejahre zeigt der Baum ein sehr gutes Wachstum. Probleme mit Sch\u00e4dlingen oder Krankheiten blieben bislang komplett aus. Ebenso trotzte der Baum dem sehr hei\u00dfen und trockenen Sommer 2015.<\/p>\n<h3>2016 &#8211; 2019<\/h3>\n<p>Seit 2016 bl\u00fcht der Baum j\u00e4hrlich und setzt zunehmend Fr\u00fcchte an. Das Wachstum des Baums ist weiterhin kr\u00e4ftig.<\/p>\n<\/div><div class=\"fusion-text fusion-text-6\"><\/div><div class=\"fusion-text fusion-text-7\"><\/div><div class=\"fusion-text fusion-text-8\"><\/div><div class=\"fusion-text fusion-text-9\"><\/div><div class=\"fusion-text fusion-text-10\"><\/div><div class=\"fusion-clearfix\"><\/div><\/div><\/div><div class=\"fusion-layout-column fusion_builder_column fusion-builder-column-2 fusion_builder_column_1_4 1_4 fusion-one-fourth fusion-column-last\" style=\"--awb-bg-size:cover;width:22%;\"><div class=\"fusion-column-wrapper fusion-flex-column-wrapper-legacy\"><style type='text\/css'>.reading-box-container-1 .element-bottomshadow:before,.reading-box-container-1 .element-bottomshadow:after{opacity:0.7;}<\/style><div class=\"fusion-reading-box-container reading-box-container-1\" style=\"--awb-title-color:#ddbd73;--awb-margin-top:0px;--awb-margin-bottom:84px;\"><div class=\"reading-box element-bottomshadow\" style=\"background-color:#3e3e3e;border-width:1px;border-color:#3e3e3e;border-top-width:3px;border-top-color:var(--primary_color);border-style:solid;\"><div class=\"reading-box-additional\"><ul style=\"--awb-size:13px;--awb-line-height:22.1px;--awb-icon-width:22.1px;--awb-icon-height:22.1px;--awb-icon-margin:9.1px;--awb-content-margin:31.2px;--awb-circlecolor:#a0ce4e;--awb-circle-yes-font-size:11.44px;\" class=\"fusion-checklist fusion-checklist-1 fusion-checklist-default type-icons\"><li class=\"fusion-li-item\" style=\"\"><span class=\"icon-wrapper circle-yes\"><i class=\"fusion-li-icon fa fa-share-alt\" aria-hidden=\"true\"><\/i><\/span><div class=\"fusion-li-item-content\">\r\n<h2>Systematik<\/h2>\r\n<\/div><\/li><li class=\"fusion-li-item\" style=\"\"><span class=\"icon-wrapper circle-yes\"><i class=\"fusion-li-icon fa fa-caret-right\" aria-hidden=\"true\"><\/i><\/span><div class=\"fusion-li-item-content\">Ordnung: Rosenartige (Rosales)<\/div><\/li><li class=\"fusion-li-item\" style=\"\"><span class=\"icon-wrapper circle-yes\"><i class=\"fusion-li-icon fa fa-caret-right\" aria-hidden=\"true\"><\/i><\/span><div class=\"fusion-li-item-content\">Familie: Rosengew\u00e4chse (Rosaceae)<\/div><\/li><li class=\"fusion-li-item\" style=\"\"><span class=\"icon-wrapper circle-yes\"><i class=\"fusion-li-icon fa fa-caret-right\" aria-hidden=\"true\"><\/i><\/span><div class=\"fusion-li-item-content\">Unterfamilie: Spiraeoideae<\/div><\/li><li class=\"fusion-li-item\" style=\"\"><span class=\"icon-wrapper circle-yes\"><i class=\"fusion-li-icon fa fa-caret-right\" aria-hidden=\"true\"><\/i><\/span><div class=\"fusion-li-item-content\">Tribus: Pyreae<\/div><\/li><li class=\"fusion-li-item\" style=\"\"><span class=\"icon-wrapper circle-yes\"><i class=\"fusion-li-icon fa fa-caret-right\" aria-hidden=\"true\"><\/i><\/span><div class=\"fusion-li-item-content\">Untertribus: Kernobstgew\u00e4chse (Pyrinae)<\/div><\/li><li class=\"fusion-li-item\" style=\"\"><span class=\"icon-wrapper circle-yes\"><i class=\"fusion-li-icon fa fa-caret-right\" aria-hidden=\"true\"><\/i><\/span><div class=\"fusion-li-item-content\">Gattung: Mehlbeeren (Sorbus)<\/div><\/li><\/ul><\/div><div class=\"fusion-clearfix\"><\/div><\/div><\/div><style type='text\/css'>.reading-box-container-2 .element-bottomshadow:before,.reading-box-container-2 .element-bottomshadow:after{opacity:0.7;}<\/style><div class=\"fusion-reading-box-container reading-box-container-2\" style=\"--awb-title-color:#ddbd73;--awb-margin-top:0px;--awb-margin-bottom:84px;\"><div class=\"reading-box element-bottomshadow\" style=\"background-color:#3e3e3e;border-width:1px;border-color:#3e3e3e;border-top-width:3px;border-top-color:var(--primary_color);border-style:solid;\"><div class=\"reading-box-additional\"><ul style=\"--awb-size:13px;--awb-line-height:22.1px;--awb-icon-width:22.1px;--awb-icon-height:22.1px;--awb-icon-margin:9.1px;--awb-content-margin:31.2px;--awb-circlecolor:#a0ce4e;--awb-circle-yes-font-size:11.44px;\" class=\"fusion-checklist fusion-checklist-2 fusion-checklist-default type-icons\"><li class=\"fusion-li-item\" style=\"\"><span class=\"icon-wrapper circle-yes\"><i class=\"fusion-li-icon fa fa-sort-amount-asc\" aria-hidden=\"true\"><\/i><\/span><div class=\"fusion-li-item-content\">\r\n<h2>Vermehrung<\/h2>\r\n<\/div><\/li><li class=\"fusion-li-item\" style=\"\"><span class=\"icon-wrapper circle-yes\"><i class=\"fusion-li-icon fa fa-futbol-o\" aria-hidden=\"true\"><\/i><\/span><div class=\"fusion-li-item-content\">generativ<\/div><\/li><\/ul><\/div><div class=\"fusion-clearfix\"><\/div><\/div><\/div><style type='text\/css'>.reading-box-container-3 .element-bottomshadow:before,.reading-box-container-3 .element-bottomshadow:after{opacity:0.7;}<\/style><div class=\"fusion-reading-box-container reading-box-container-3\" style=\"--awb-title-color:#ddbd73;--awb-margin-top:0px;--awb-margin-bottom:84px;\"><div class=\"reading-box element-bottomshadow\" style=\"background-color:#3e3e3e;border-width:1px;border-color:#3e3e3e;border-top-width:3px;border-top-color:var(--primary_color);border-style:solid;\"><div class=\"reading-box-additional\"><ul style=\"--awb-size:13px;--awb-line-height:22.1px;--awb-icon-width:22.1px;--awb-icon-height:22.1px;--awb-icon-margin:9.1px;--awb-content-margin:31.2px;--awb-circlecolor:#a0ce4e;--awb-circle-yes-font-size:11.44px;\" class=\"fusion-checklist fusion-checklist-3 fusion-checklist-default type-icons\"><li class=\"fusion-li-item\" style=\"\"><span class=\"icon-wrapper circle-yes\"><i class=\"fusion-li-icon fa fa-scissors\" aria-hidden=\"true\"><\/i><\/span><div class=\"fusion-li-item-content\">\r\n<h2>Kultur<\/h2>\r\n<\/div><\/li><li class=\"fusion-li-item\" style=\"\"><span class=\"icon-wrapper circle-yes\"><i class=\"fusion-li-icon fa fa-caret-up\" aria-hidden=\"true\"><\/i><\/span><div class=\"fusion-li-item-content\">leicht<\/div><\/li><\/ul><\/div><div class=\"fusion-clearfix\"><\/div><\/div><\/div><style type='text\/css'>.reading-box-container-4 .element-bottomshadow:before,.reading-box-container-4 .element-bottomshadow:after{opacity:0.7;}<\/style><div class=\"fusion-reading-box-container reading-box-container-4\" style=\"--awb-title-color:#ddbd73;--awb-margin-top:0px;--awb-margin-bottom:84px;\"><div class=\"reading-box element-bottomshadow\" style=\"background-color:#3e3e3e;border-width:1px;border-color:#3e3e3e;border-top-width:3px;border-top-color:var(--primary_color);border-style:solid;\"><div class=\"reading-box-additional\"><ul style=\"--awb-size:13px;--awb-line-height:22.1px;--awb-icon-width:22.1px;--awb-icon-height:22.1px;--awb-icon-margin:9.1px;--awb-content-margin:31.2px;--awb-circlecolor:#a0ce4e;--awb-circle-yes-font-size:11.44px;\" class=\"fusion-checklist fusion-checklist-4 fusion-checklist-default type-icons\"><li class=\"fusion-li-item\" style=\"\"><span class=\"icon-wrapper circle-yes\"><i class=\"fusion-li-icon fa fa-apple\" aria-hidden=\"true\"><\/i><\/span><div class=\"fusion-li-item-content\">\r\n<h2>Fr\u00fcchte<\/h2>\r\n<\/div><\/li><li class=\"fusion-li-item\" style=\"\"><span class=\"icon-wrapper circle-yes\"><i class=\"fusion-li-icon fa fa-sort\" aria-hidden=\"true\"><\/i><\/span><div class=\"fusion-li-item-content\">eventuell<\/div><\/li><\/ul><\/div><div class=\"fusion-clearfix\"><\/div><\/div><\/div><style type='text\/css'>.reading-box-container-5 .element-bottomshadow:before,.reading-box-container-5 .element-bottomshadow:after{opacity:0.7;}<\/style><div class=\"fusion-reading-box-container reading-box-container-5\" style=\"--awb-title-color:#ddbd73;--awb-margin-top:0px;--awb-margin-bottom:84px;\"><div class=\"reading-box element-bottomshadow\" style=\"background-color:#3e3e3e;border-width:1px;border-color:#3e3e3e;border-top-width:3px;border-top-color:var(--primary_color);border-style:solid;\"><div class=\"reading-box-additional\"><ul style=\"--awb-size:13px;--awb-line-height:22.1px;--awb-icon-width:22.1px;--awb-icon-height:22.1px;--awb-icon-margin:9.1px;--awb-content-margin:31.2px;--awb-circlecolor:#a0ce4e;--awb-circle-yes-font-size:11.44px;\" class=\"fusion-checklist fusion-checklist-5 fusion-checklist-default type-icons\"><li class=\"fusion-li-item\" style=\"\"><span class=\"icon-wrapper circle-yes\"><i class=\"fusion-li-icon fa fa-bolt\" aria-hidden=\"true\"><\/i><\/span><div class=\"fusion-li-item-content\">\r\n<h2>USDA &#8211; Zone<\/h2>\r\n<\/div><\/li><li class=\"fusion-li-item\" style=\"\"><span class=\"icon-wrapper circle-yes\"><i class=\"fusion-li-icon fa fa-caret-right\" aria-hidden=\"true\"><\/i><\/span><div class=\"fusion-li-item-content\">6a (-23,3\u00b0C)<\/div><\/li><\/ul><\/div><div class=\"fusion-clearfix\"><\/div><\/div><\/div><style type='text\/css'>.reading-box-container-6 .element-bottomshadow:before,.reading-box-container-6 .element-bottomshadow:after{opacity:0.7;}<\/style><div class=\"fusion-reading-box-container reading-box-container-6\" style=\"--awb-title-color:#ddbd73;--awb-margin-top:0px;--awb-margin-bottom:84px;\"><div class=\"reading-box element-bottomshadow\" style=\"background-color:#3e3e3e;border-width:1px;border-color:#3e3e3e;border-top-width:3px;border-top-color:var(--primary_color);border-style:solid;\"><div class=\"fusion-reading-box-flex\"><h2>Weiterf\u00fchrende Informationen im Internet<\/h2><\/div><\/div><\/div><div class=\"fusion-builder-row fusion-builder-row-inner fusion-row\"><div class=\"fusion-layout-column fusion_builder_column_inner fusion-builder-nested-column-0 fusion_builder_column_inner_1_1 1_1 fusion-one-full fusion-column-first fusion-column-last\" style=\"--awb-bg-size:cover;\"><div class=\"fusion-column-wrapper fusion-flex-column-wrapper-legacy\"><div class=\"fusion-text fusion-text-11\"><p><a href=\"http:\/\/www.foerderkreis-speierling.de\" target=\"_blank\" rel=\"noopener noreferrer\"><img decoding=\"async\" src=\"..\/..\/..\/..\/logos\/fkspeier.jpg\" alt=\"F\u00f6rderkreis Speierling\" width=\"200\" height=\"90\" border=\"0\" \/><\/a><\/p>\n<\/div><div class=\"fusion-text fusion-text-12\"><p><a href=\"http:\/\/www.foerderkreis-speierling.de\"><i class=\"fa fa-sign-out\"><\/i> F\u00f6rderkreis Speierling<\/a><\/p>\n<\/div><div class=\"fusion-clearfix\"><\/div><\/div><\/div><div class=\"fusion-layout-column fusion_builder_column_inner fusion-builder-nested-column-1 fusion_builder_column_inner_1_1 1_1 fusion-one-full fusion-column-first fusion-column-last\" style=\"--awb-bg-size:cover;\"><div class=\"fusion-column-wrapper fusion-flex-column-wrapper-legacy\"><div class=\"fusion-text fusion-text-13\"><p><a href=\"http:\/\/www.baum-des-jahres.de\/archiv\/speierling93.html\" target=\"_blank\" rel=\"noopener noreferrer\"><img decoding=\"async\" src=\"..\/..\/..\/..\/logos\/bdj.jpg\" alt=\"Speierling, Baum des Jahres 1993\" width=\"200\" height=\"65\" border=\"0\" \/><\/a><\/p>\n<\/div><div class=\"fusion-text fusion-text-14\"><p><a href=\"http:\/\/www.baum-des-jahres.de\/archiv\/speierling93.html\"><i class=\"fa fa-sign-out\"><\/i> Baum des Jahres 1993<\/a><\/p>\n<\/div><div class=\"fusion-clearfix\"><\/div><\/div><\/div><\/div><div class=\"fusion-clearfix\"><\/div><\/div><\/div><\/div><\/div>","protected":false},"excerpt":{"rendered":"","protected":false},"author":1,"featured_media":0,"parent":724,"menu_order":0,"comment_status":"open","ping_status":"open","template":"","meta":{"footnotes":""},"class_list":["post-1000","page","type-page","status-publish","hentry"],"yoast_head":"<!-- This site is optimized with the Yoast SEO plugin v26.9 - https:\/\/yoast.com\/product\/yoast-seo-wordpress\/ -->\n<title>Speierling - Fancy Plants - Deutsch<\/title>\n<meta name=\"description\" content=\"Die Speierling (Sorbus domestica), ein Vertreter der Rosengew\u00e4chse (Rosaceae), ist Baum des Jahres 1993. Dieser sehr seltene Wildobstbaum ist heute nahezu vergessen, und dass obwohl er leicht im Garten zu kultivieren ist. Der Baum produziert nicht nur das h\u00e4rteste Holz aller deutschen B\u00e4ume, sondern bringt auch zahlreiche 2 \u2013 3 cm lange, essbare Fr\u00fcchte hervor.\" \/>\n<meta name=\"robots\" content=\"index, follow, max-snippet:-1, max-image-preview:large, max-video-preview:-1\" \/>\n<link rel=\"canonical\" href=\"http:\/\/www.fancyplants.de\/de\/exotichome\/whspec\/speierling\/\" \/>\n<meta property=\"og:locale\" content=\"de_DE\" \/>\n<meta property=\"og:type\" content=\"article\" \/>\n<meta property=\"og:title\" content=\"Speierling - Fancy Plants - Deutsch\" \/>\n<meta property=\"og:description\" content=\"Die Speierling (Sorbus domestica), ein Vertreter der Rosengew\u00e4chse (Rosaceae), ist Baum des Jahres 1993. Dieser sehr seltene Wildobstbaum ist heute nahezu vergessen, und dass obwohl er leicht im Garten zu kultivieren ist. Der Baum produziert nicht nur das h\u00e4rteste Holz aller deutschen B\u00e4ume, sondern bringt auch zahlreiche 2 \u2013 3 cm lange, essbare Fr\u00fcchte hervor.\" \/>\n<meta property=\"og:url\" content=\"http:\/\/www.fancyplants.de\/de\/exotichome\/whspec\/speierling\/\" \/>\n<meta property=\"og:site_name\" content=\"Fancy Plants - Deutsch\" \/>\n<meta property=\"article:modified_time\" content=\"2019-10-23T07:41:11+00:00\" \/>\n<meta name=\"twitter:card\" content=\"summary_large_image\" \/>\n<meta name=\"twitter:label1\" content=\"Gesch\u00e4tzte Lesezeit\" \/>\n\t<meta name=\"twitter:data1\" content=\"8\u00a0Minuten\" \/>\n<script type=\"application\/ld+json\" class=\"yoast-schema-graph\">{\"@context\":\"https:\/\/schema.org\",\"@graph\":[{\"@type\":\"WebPage\",\"@id\":\"http:\/\/www.fancyplants.de\/de\/exotichome\/whspec\/speierling\/\",\"url\":\"http:\/\/www.fancyplants.de\/de\/exotichome\/whspec\/speierling\/\",\"name\":\"Speierling - Fancy Plants - Deutsch\",\"isPartOf\":{\"@id\":\"http:\/\/www.fancyplants.de\/de\/#website\"},\"datePublished\":\"2015-07-06T06:22:07+00:00\",\"dateModified\":\"2019-10-23T07:41:11+00:00\",\"description\":\"Die Speierling (Sorbus domestica), ein Vertreter der Rosengew\u00e4chse (Rosaceae), ist Baum des Jahres 1993. Dieser sehr seltene Wildobstbaum ist heute nahezu vergessen, und dass obwohl er leicht im Garten zu kultivieren ist. Der Baum produziert nicht nur das h\u00e4rteste Holz aller deutschen B\u00e4ume, sondern bringt auch zahlreiche 2 \u2013 3 cm lange, essbare Fr\u00fcchte hervor.\",\"breadcrumb\":{\"@id\":\"http:\/\/www.fancyplants.de\/de\/exotichome\/whspec\/speierling\/#breadcrumb\"},\"inLanguage\":\"de\",\"potentialAction\":[{\"@type\":\"ReadAction\",\"target\":[\"http:\/\/www.fancyplants.de\/de\/exotichome\/whspec\/speierling\/\"]}]},{\"@type\":\"BreadcrumbList\",\"@id\":\"http:\/\/www.fancyplants.de\/de\/exotichome\/whspec\/speierling\/#breadcrumb\",\"itemListElement\":[{\"@type\":\"ListItem\",\"position\":1,\"name\":\"Home\",\"item\":\"http:\/\/www.fancyplants.de\/de\/\"},{\"@type\":\"ListItem\",\"position\":2,\"name\":\"Exotische Nutzpflanzen\",\"item\":\"http:\/\/www.fancyplants.de\/de\/exotichome\/\"},{\"@type\":\"ListItem\",\"position\":3,\"name\":\"Winterharte Arten\",\"item\":\"http:\/\/www.fancyplants.de\/de\/exotichome\/whspec\/\"},{\"@type\":\"ListItem\",\"position\":4,\"name\":\"Speierling\"}]},{\"@type\":\"WebSite\",\"@id\":\"http:\/\/www.fancyplants.de\/de\/#website\",\"url\":\"http:\/\/www.fancyplants.de\/de\/\",\"name\":\"Fancy Plants - Deutsch\",\"description\":\"Eine weitere WordPress-Seite\",\"potentialAction\":[{\"@type\":\"SearchAction\",\"target\":{\"@type\":\"EntryPoint\",\"urlTemplate\":\"http:\/\/www.fancyplants.de\/de\/?s={search_term_string}\"},\"query-input\":{\"@type\":\"PropertyValueSpecification\",\"valueRequired\":true,\"valueName\":\"search_term_string\"}}],\"inLanguage\":\"de\"}]}<\/script>\n<!-- \/ Yoast SEO plugin. -->","yoast_head_json":{"title":"Speierling - Fancy Plants - Deutsch","description":"Die Speierling (Sorbus domestica), ein Vertreter der Rosengew\u00e4chse (Rosaceae), ist Baum des Jahres 1993. Dieser sehr seltene Wildobstbaum ist heute nahezu vergessen, und dass obwohl er leicht im Garten zu kultivieren ist. Der Baum produziert nicht nur das h\u00e4rteste Holz aller deutschen B\u00e4ume, sondern bringt auch zahlreiche 2 \u2013 3 cm lange, essbare Fr\u00fcchte hervor.","robots":{"index":"index","follow":"follow","max-snippet":"max-snippet:-1","max-image-preview":"max-image-preview:large","max-video-preview":"max-video-preview:-1"},"canonical":"http:\/\/www.fancyplants.de\/de\/exotichome\/whspec\/speierling\/","og_locale":"de_DE","og_type":"article","og_title":"Speierling - Fancy Plants - Deutsch","og_description":"Die Speierling (Sorbus domestica), ein Vertreter der Rosengew\u00e4chse (Rosaceae), ist Baum des Jahres 1993. Dieser sehr seltene Wildobstbaum ist heute nahezu vergessen, und dass obwohl er leicht im Garten zu kultivieren ist. Der Baum produziert nicht nur das h\u00e4rteste Holz aller deutschen B\u00e4ume, sondern bringt auch zahlreiche 2 \u2013 3 cm lange, essbare Fr\u00fcchte hervor.","og_url":"http:\/\/www.fancyplants.de\/de\/exotichome\/whspec\/speierling\/","og_site_name":"Fancy Plants - Deutsch","article_modified_time":"2019-10-23T07:41:11+00:00","twitter_card":"summary_large_image","twitter_misc":{"Gesch\u00e4tzte Lesezeit":"8\u00a0Minuten"},"schema":{"@context":"https:\/\/schema.org","@graph":[{"@type":"WebPage","@id":"http:\/\/www.fancyplants.de\/de\/exotichome\/whspec\/speierling\/","url":"http:\/\/www.fancyplants.de\/de\/exotichome\/whspec\/speierling\/","name":"Speierling - Fancy Plants - Deutsch","isPartOf":{"@id":"http:\/\/www.fancyplants.de\/de\/#website"},"datePublished":"2015-07-06T06:22:07+00:00","dateModified":"2019-10-23T07:41:11+00:00","description":"Die Speierling (Sorbus domestica), ein Vertreter der Rosengew\u00e4chse (Rosaceae), ist Baum des Jahres 1993. Dieser sehr seltene Wildobstbaum ist heute nahezu vergessen, und dass obwohl er leicht im Garten zu kultivieren ist. Der Baum produziert nicht nur das h\u00e4rteste Holz aller deutschen B\u00e4ume, sondern bringt auch zahlreiche 2 \u2013 3 cm lange, essbare Fr\u00fcchte hervor.","breadcrumb":{"@id":"http:\/\/www.fancyplants.de\/de\/exotichome\/whspec\/speierling\/#breadcrumb"},"inLanguage":"de","potentialAction":[{"@type":"ReadAction","target":["http:\/\/www.fancyplants.de\/de\/exotichome\/whspec\/speierling\/"]}]},{"@type":"BreadcrumbList","@id":"http:\/\/www.fancyplants.de\/de\/exotichome\/whspec\/speierling\/#breadcrumb","itemListElement":[{"@type":"ListItem","position":1,"name":"Home","item":"http:\/\/www.fancyplants.de\/de\/"},{"@type":"ListItem","position":2,"name":"Exotische Nutzpflanzen","item":"http:\/\/www.fancyplants.de\/de\/exotichome\/"},{"@type":"ListItem","position":3,"name":"Winterharte Arten","item":"http:\/\/www.fancyplants.de\/de\/exotichome\/whspec\/"},{"@type":"ListItem","position":4,"name":"Speierling"}]},{"@type":"WebSite","@id":"http:\/\/www.fancyplants.de\/de\/#website","url":"http:\/\/www.fancyplants.de\/de\/","name":"Fancy Plants - Deutsch","description":"Eine weitere WordPress-Seite","potentialAction":[{"@type":"SearchAction","target":{"@type":"EntryPoint","urlTemplate":"http:\/\/www.fancyplants.de\/de\/?s={search_term_string}"},"query-input":{"@type":"PropertyValueSpecification","valueRequired":true,"valueName":"search_term_string"}}],"inLanguage":"de"}]}},"_links":{"self":[{"href":"http:\/\/www.fancyplants.de\/de\/wp-json\/wp\/v2\/pages\/1000","targetHints":{"allow":["GET"]}}],"collection":[{"href":"http:\/\/www.fancyplants.de\/de\/wp-json\/wp\/v2\/pages"}],"about":[{"href":"http:\/\/www.fancyplants.de\/de\/wp-json\/wp\/v2\/types\/page"}],"author":[{"embeddable":true,"href":"http:\/\/www.fancyplants.de\/de\/wp-json\/wp\/v2\/users\/1"}],"replies":[{"embeddable":true,"href":"http:\/\/www.fancyplants.de\/de\/wp-json\/wp\/v2\/comments?post=1000"}],"version-history":[{"count":12,"href":"http:\/\/www.fancyplants.de\/de\/wp-json\/wp\/v2\/pages\/1000\/revisions"}],"predecessor-version":[{"id":2947,"href":"http:\/\/www.fancyplants.de\/de\/wp-json\/wp\/v2\/pages\/1000\/revisions\/2947"}],"up":[{"embeddable":true,"href":"http:\/\/www.fancyplants.de\/de\/wp-json\/wp\/v2\/pages\/724"}],"wp:attachment":[{"href":"http:\/\/www.fancyplants.de\/de\/wp-json\/wp\/v2\/media?parent=1000"}],"curies":[{"name":"wp","href":"https:\/\/api.w.org\/{rel}","templated":true}]}}